{"id":4731,"date":"2015-02-13T08:27:52","date_gmt":"2015-02-13T08:27:52","guid":{"rendered":"http:\/\/srv03weblabw\/domini\/ediltecno\/?page_id=4731"},"modified":"2015-04-27T09:48:41","modified_gmt":"2015-04-27T09:48:41","slug":"chi-siamo","status":"publish","type":"page","link":"https:\/\/ediltecnosrl.it\/index.php\/chi-siamo\/","title":{"rendered":"Chi Siamo"},"content":{"rendered":"<div id=\"imCellStyle_7\">\n<div id=\"imTextObject_7_tab0\" class=\"text-tab-content\">\n<div class=\"text-inner\">\n<p><span class=\"ff1 cf0 fs24\"><strong>EDILTECNO TECNOLOGIE PER L\u2019EDILIZIA S.R.L.<\/strong>\u00a0\u00e8 specialista in un\u2019ampia gamma di iniziative avvalendosi delle tecnologie pi\u00f9 avanzate per dare risposte certe, sia, dal punto di vista tecnico, che operativo, per la promozione di servizi in generale, nonch\u00e8 progettazione e realizzazione di opere e progetti pi\u00f9 diversi, che vanno dalla realizzazione di nuove costruzioni al recupero di edifici di tipo storico ed artistico che dall\u2019inizio dell\u2019attivit\u00e0 la caratterizzano per la precisa reinterpretazione dei materiali nel contesto ambientale dell\u2019opera da realizzare. <\/span><\/p>\n<p><span class=\"ff1 cf0 fs24\">In particolare <strong>EDILTECNO TECNOLOGIE PER L\u2019EDILIZIA S.R.L.<\/strong> si presenta come leader in Italia perch\u00e9 non solo si giova delle attrezzature e delle tecnologie migliori che il mercato offre ma, soprattutto, perch\u00e9 all\u2019interno del gruppo sono presenti professionalit\u00e0 altamente specialistiche che ognuna, per propria competenza, \u00e8 in grado di risolvere tutte le specificit\u00e0 che si possono incontrare, in particolare, nella rivalorizzazione di edifici storici, risolvendo al meglio sia, le eventuali, tematiche legate a problematiche di tipo strutturale e statico dell\u2019edificio, che nello specifico recupero di opere architettoniche ed artistiche di particolare pregio. <\/span><\/p>\n<p><span class=\"ff1 cf0 fs24\">All\u2019interno del Gruppo sono presenti professionisti di alto livello nel settore edile e strutturale, del restauro, nella progettazione di impianti tecnologici, meccanici, elettrici e di sicurezza che garantiscono una filiera perfettamente integrata sia in fase di progetto che nell\u2019esecuzione dei lavori. Architetti, ingegneri e tecnici che in sinergia, ma ognuno per la propria specifica competenza, analizzano le migliori soluzioni progettuali, soprattutto con un attento e minuzioso studio dei particolari, ottimizzando la migliore soluzione tecnica al budget, eventualmente, disponibile per la realizzazione dell\u2019 opera. <\/span><\/p>\n<p><span class=\"ff1 cf0 fs24\"><strong>EDILTECNO TECNOLOGIE PER L\u2019EDILIZIA S.R.L.<\/strong>\u00a0si distingue da altre realt\u00e0 presenti sul mercato anche e soprattutto perch\u00e8 vanta al suo interno un gruppo di operatori dei vari settori: \u201cArtigiani\u201d intesi come professionisti manuali che nessuna tecnologia pu\u00f2 sostituire.<\/span><span class=\"ff0 fs20\"><br \/>\n<\/span><\/p>\n<\/div>\n<\/div>\n<\/div>\n","protected":false},"excerpt":{"rendered":"<p>EDILTECNO TECNOLOGIE PER L\u2019EDILIZIA S.R.L.\u00a0\u00e8 specialista in un\u2019ampia gamma di iniziative avvalendosi delle tecnologie pi\u00f9 avanzate per dare risposte certe, sia, dal punto di vista tecnico, che operativo, per la promozione di servizi in generale, nonch\u00e8 progettazione e realizzazione di opere e progetti pi\u00f9 diversi, che vanno dalla realizzazione di nuove costruzioni al recupero di [&hellip;]<\/p>\n","protected":false},"author":1,"featured_media":0,"parent":0,"menu_order":0,"comment_status":"closed","ping_status":"open","template":"","meta":[],"_links":{"self":[{"href":"https:\/\/ediltecnosrl.it\/index.php\/wp-json\/wp\/v2\/pages\/4731"}],"collection":[{"href":"https:\/\/ediltecnosrl.it\/index.php\/wp-json\/wp\/v2\/pages"}],"about":[{"href":"https:\/\/ediltecnosrl.it\/index.php\/wp-json\/wp\/v2\/types\/page"}],"author":[{"embeddable":true,"href":"https:\/\/ediltecnosrl.it\/index.php\/wp-json\/wp\/v2\/users\/1"}],"replies":[{"embeddable":true,"href":"https:\/\/ediltecnosrl.it\/index.php\/wp-json\/wp\/v2\/comments?post=4731"}],"version-history":[{"count":4,"href":"https:\/\/ediltecnosrl.it\/index.php\/wp-json\/wp\/v2\/pages\/4731\/revisions"}],"predecessor-version":[{"id":4855,"href":"https:\/\/ediltecnosrl.it\/index.php\/wp-json\/wp\/v2\/pages\/4731\/revisions\/4855"}],"wp:attachment":[{"href":"https:\/\/ediltecnosrl.it\/index.php\/wp-json\/wp\/v2\/media?parent=4731"}],"curies":[{"name":"wp","href":"https:\/\/api.w.org\/{rel}","templated":true}]}}