{"id":4872,"date":"2018-09-05T14:40:06","date_gmt":"2018-09-05T14:40:06","guid":{"rendered":"http:\/\/ediltecnosrl.it\/?page_id=4872"},"modified":"2018-09-06T09:41:54","modified_gmt":"2018-09-06T09:41:54","slug":"privacy","status":"publish","type":"page","link":"https:\/\/ediltecnosrl.it\/index.php\/privacy\/","title":{"rendered":"Privacy"},"content":{"rendered":"<p><strong>Privacy e Cookies<\/strong><\/p>\n<p>Versione del 31\/08\/2018<\/p>\n<p><strong>soggetti interessati: visitatori del sito web <\/strong><strong><a href=\"http:\/\/www.ediltecnosrl.it\/\">www.ediltecnosrl.it<\/a><\/strong><\/p>\n<p><strong>Informativa al trattamento dei dati personali <\/strong><br \/>\nai sensi dell\u2019art. 13 del Regolamento (UE) 2016\/679<br \/>\nQuesta policy ha lo scopo di descrivere le modalit\u00e0 di gestione di questo sito web, in riferimento al trattamento dei dati personali dei visitatori che lo consultano ai sensi del Regolamento (UE) 2016\/679. sulla protezione dei dati personali (di seguito, \u201cil Regolamento\u201d oppure \u201cGDPR\u201d).<br \/>\nQuesta policy \u00e8 da intendersi anche quale informativa, ai sensi dell\u2019art. 13 del Regolamento, resa ai soggetti che interagiscono con i servizi offerti dal sito web.<br \/>\nMaggiori informative dettagliate sul trattamento dei dati personali sono riportate, ove necessario, nelle sezioni relative ai diversi servizi offerti. Tali informative sono dirette a definire limiti e modalit\u00e0 del trattamento dei dati di ciascun servizio, in base alle quali il visitatore potr\u00e0 esprimere liberamente il proprio consenso e autorizzare eventualmente la raccolta dei dati e il loro successivo utilizzo.<br \/>\nSi ricorda che questa privacy policy riguarda il presente sito web e non anche ulteriori siti web eventualmente consultati dall\u2019utente tramite la navigazione dai link presenti sul sito, per i quali si rimanda alle informazioni fornite dagli altri siti in merito alla loro gestione della privacy.<\/p>\n<p>Ediltecno SRL con sede in Via L. Da Vinci 20 \u2013 35020 Pozzonovo (PD), <a href=\"mailto:info@ediltecnosrl.it\">info@ediltecnosrl.it<\/a>, \u00e8 Titolare per i trattamenti effettuati sui dati personali raccolti e ottenuti da questo sito web e determina come saranno conservati i dati e chi potr\u00e0 avere accesso alle informazioni raccolte dal sito web. I dati personali saranno trattati con procedure manuali e automatizzate, ogni trattamento avviene nel rispetto delle modalit\u00e0 di cui agli artt. 6, 32 del Regolamento e mediante l&#8217;adozione delle adeguate misure di sicurezza previste. I dati saranno trattati unicamente da personale espressamente autorizzato dal Titolare, oppure anche da soggetti terzi espressamente nominati Responsabili per i trattamenti di competenza ai sensi dell\u2019Art. 28 del Regolamento. Maggiori informazioni sui responsabili e soggetti autorizzati verranno fornite su richiesta dell\u2019interessato nell\u2019esercizio dei diritti di cui agli artt. 15-22 del Regolamento.<\/p>\n<p>&nbsp;<\/p>\n<p><strong>Tipologia di dati trattati<\/strong><br \/>\nIl sito web offre contenuti di tipo informativo. Durante la navigazione del sito, si possono acquisire informazioni sul visitatore, nei seguenti modi:<\/p>\n<p><em>Dati di navigazione<\/em><br \/>\nI sistemi informatici e le procedure software preposte al funzionamento di questo sito web acquisiscono, nel corso del loro normale esercizio, alcuni dati personali la cui trasmissione \u00e8 implicita nell\u2019uso dei protocolli di comunicazione di Internet. In questa categoria di dati rientrano: gli indirizzi IP, il tipo di browser utilizzato, il sistema operativo, il nome di dominio e gli indirizzi di siti web dai quali \u00e8 stato effettuato l\u2019accesso o l\u2019uscita, le informazioni sulle pagine visitate dagli utenti all\u2019interno del sito, l\u2019orario d\u2019accesso, l\u2019analisi di percorso interno e altri parametri relativi al sistema operativo e all\u2019ambiente informatico dell\u2019utente. Tali dati di carattere tecnico\/informatico sono raccolti e utilizzati esclusivamente in maniera aggregata e non identificativa e potrebbero essere utilizzati per l\u2019accertamento di responsabilit\u00e0 in caso di ipotetici reati informatici ai danni del sito.<br \/>\nI dati raccolti saranno utilizzati per le finalit\u00e0:<\/p>\n<ul>\n<li>gestione tecnica dei servizi erogati,<\/li>\n<li>analisi statistica anonima del traffico generato e delle pagine visitate.<\/li>\n<\/ul>\n<p>I dati saranno conservati nel rispetto dei principi di liceit\u00e0, limitazione delle finalit\u00e0 e minimizzazione dei dati, ai sensi dell\u2019art. 5 del GDPR. Oltre che per la finalit\u00e0 per le quali sono raccolti, i dati potrebbero essere utilizzati per l\u2019accertamento di responsabilit\u00e0 in caso di ipotetici reati informatici ai danni del sito. Salva questa eventualit\u00e0, il periodo di conservazione dei Suoi dati personali \u00e8 stabilito per il tempo necessario all\u2019espletamento delle finalit\u00e0 specificate.<\/p>\n<p><em>Dati forniti nel modulo \u201cContatti\u201d<\/em><br \/>\nSi tratta di quei dati personali rilasciati liberamente dal visitatore sul sito, nella pagina specifica del modulo da compilare per ricevere informazioni. Vengono raccolti: nome, cognome, indirizzo e-mail, telefono; i dati saranno utilizzati per le finalit\u00e0:<\/p>\n<ul>\n<li>Fornire ai recapiti indicati le informazioni richieste.<\/li>\n<\/ul>\n<p>I dati saranno conservati nel rispetto dei principi di liceit\u00e0, limitazione delle finalit\u00e0 e minimizzazione dei dati, ai sensi dell\u2019art. 5 del GDPR, per il tempo necessario al raggiungimento delle finalit\u00e0 per le quali sono trasmessi.<\/p>\n<p><strong>\u00a0<\/strong><\/p>\n<p><strong>Tipologie e gestione dei Cookie usati dai siti<\/strong><\/p>\n<p>Il Sito di Ediltecno srl pu\u00f2 utilizzare le seguenti categorie di cookies:<\/p>\n<ol>\n<li><strong>a) Cookie tecnici o \u201ctechnical cookie\u201d.<\/strong><\/li>\n<li><strong>b) Cookie necessari o \u201cstrictly necessary cookie\u201d: <\/strong>Sono necessari per la navigazione su un Sito web e l\u2019utilizzo delle sue funzionalit\u00e0, come ad esempio per consentire una corretta visualizzazione ovvero l\u2019accesso alle aree riservate. Pertanto la disabilitazione di tali cookie non consente dette attivit\u00e0.<\/li>\n<li><strong>c) Cookie di prestazione o \u201cperformance cookie\u201d: <\/strong>Raccolgono informazioni sull\u2019efficienza delle risposte di un Sito web alle richieste degli utenti in forma anonima, al solo fine di migliorare le funzionalit\u00e0 del Sito Internet; per esempio, quali pagine sono pi\u00f9 di frequente visitate dagli utenti, e se vi sono stati errori o rallentamenti nell\u2019erogazione delle pagine web.<\/li>\n<li><strong>d) Cookie di funzione o \u201cfunctionality cookie\u201d: <\/strong>Consentono al Sito di ricordare le scelte operate dall\u2019utente e riproporle ai successivi accessi in modo da fornire servizi migliori e personalizzati: ad esempio, possono essere utilizzati per proporre contenuti simili a quelli gi\u00e0 richiesti dall\u2019utente in precedenza.<\/li>\n<\/ol>\n<p><strong>Come abilitare o disabilitare i cookies sui propri browser<\/strong><\/p>\n<p>L\u2019utente pu\u00f2 bloccare l\u2019accettazione di cookies da parte del browser di navigazione. Tuttavia, questa operazione potrebbe rendere meno efficiente o impedire l\u2019accesso ad alcune funzioni o pagine del Sito.<\/p>\n<p><strong>Categorie di soggetti che potranno venire a conoscenza dei Dati Personali degli utenti<\/strong><\/p>\n<p>I Dati Personali potranno essere portati a conoscenza di dipendenti o collaboratori del Titolare che, operando sotto la diretta autorit\u00e0 di quest\u2019ultimo, trattano dati e sono nominati responsabili interni o incaricati del trattamento ai sensi degli artt. 29 e 30 del Codice o amministratori di sistema e che riceveranno al riguardo adeguate istruzioni operative dal Titolare; lo stesso avverr\u00e0 \u2013 a cura dei Responsabili nominati dal Titolare \u2013 nei confronti dei dipendenti o collaboratori dei Responsabili.<\/p>\n<p>I Dati Personali potranno essere altres\u00ec portati a conoscenza di Responsabili esterni del Titolare, come societ\u00e0 terze o altri soggetti (ad esempio, soggetti a cui viene affidata attivit\u00e0 di assistenza, comunicazione, marketing, pubblicit\u00e0, promozioni e vendita di prodotti e\/o servizi, inserzionisti, concessionarie pubblicitarie, fornitori di servizi IT, gestori di Siti, gestori delle Piattaforme elettroniche software, partner, istituti di credito, studi professionali) che svolgono attivit\u00e0 in outsourcing per conto di Ediltecno SRL.<\/p>\n<p><strong>Ambito di comunicazione o diffusione dei Dati Personali degli utenti<\/strong><\/p>\n<p>I Dati Personali non saranno comunicati a terzi, n\u00e9 diffusi.<\/p>\n<p><strong>Titolare e Responsabili del trattamento e luogo di trattamento degli stessi\u00a0<\/strong><\/p>\n<p>Titolare del trattamento: Ediltecno SRL con sede in Via L. Da Vinci 20 \u2013 35020 Pozzonovo (PD), <a href=\"mailto:info@ediltecnosrl.it\">info@ediltecnosrl.it<\/a><\/p>\n<p>&nbsp;<\/p>\n<p><strong>I diritti degli utenti<\/strong><\/p>\n<p>Nella qualit\u00e0 di interessati, gli utenti hanno i diritti di cui all\u2019art. 7 Codice Privacy Italiano e successive modifiche ed integrazioni cosi come introdotte ai sensi del regolamento UE 2016\/679 (GDPR) : in particolare, hanno il diritto di ottenere dal Titolare la conferma dell\u2019esistenza o meno di Dati personali che li riguardano e la loro comunicazione in forma intelligibile; possono anche chiedere di conoscere l\u2019origine dei Dati Personali; le finalit\u00e0 e modalit\u00e0 del trattamento; possono anche ottenere l\u2019aggiornamento, la rettifica ovvero l\u2019integrazione dei Dati Personali. Possono inoltre, in ogni momento, revocare il loro consenso, cancellare il loro account e\/o cessare di essere registrati al Sito, chiedendo l\u2019interruzione del trattamento, la cancellazione, la trasformazione in forma anonima o il blocco dei Dati Personali trattati. Possono opporsi, in tutto o in parte al trattamento: a) per motivi legittimi al trattamento dei Dati Personali che li riguardano; b) a fini di invio di materiale pubblicitario o per il compimento di ricerche di mercato o di comunicazione commerciale. A tal proposito, possono decidere di ricevere solo comunicazioni mediante modalit\u00e0 tradizionali ovvero solo comunicazioni automatizzate oppure nessuna delle due tipologie di comunicazione.<\/p>\n<p>Gli utenti hanno altres\u00ec i diritti di cui agli artt. 16-21 Reg. Europeo 2016\/679 (Diritto di rettifica, diritto all\u2019oblio, diritto di limitazione di trattamento, diritto alla portabilit\u00e0 dei dati, diritto di opposizione).<\/p>\n<p>Gli utenti potranno infine promuovere reclamo all\u2019Autorit\u00e0 Garante ove necessario, ovvero rivolgersi alla stessa per richiedere informazioni in merito all\u2019esercizio dei propri diritti derivanti dal regolamento Europeo 2016\/679.<\/p>\n<p>***<\/p>\n<p>\u201cArticolo 7 Codice Privacy Italiano \u2013 Diritto di accesso ai dati personali ed altri diritti\u201d<\/p>\n<ol>\n<li>L\u2019interessato ha diritto di ottenere la conferma dell\u2019esistenza o meno di dati personali che lo riguardano, anche se non ancora registrati, e la loro comunicazione in forma intelligibile.<\/li>\n<li>L\u2019interessato ha diritto di ottenere l\u2019indicazione:\n<ol>\n<li>dell\u2019origine dei dati personali;<\/li>\n<li>delle finalit\u00e0 e modalit\u00e0 del trattamento;<\/li>\n<li>della logica applicata in caso di trattamento effettuato con l\u2019ausilio di strumenti elettronici;<\/li>\n<li>degli estremi identificativi del titolare, dei responsabili e del rappresentante designato ai sensi dell\u2019articolo 5, comma 2;<\/li>\n<li>dei soggetti o delle categorie di soggetti ai quali i dati personali possono essere comunicati o che possono venirne a conoscenza in qualit\u00e0 di rappresentante designato nel territorio dello Stato, di responsabili o incaricati.<\/li>\n<\/ol>\n<\/li>\n<li>L\u2019interessato ha diritto di ottenere:\n<ol>\n<li>l\u2019aggiornamento, la rettificazione ovvero, quando vi ha interesse, l\u2019integrazione dei dati;<\/li>\n<li>la cancellazione, la trasformazione in forma anonima o il blocco dei dati trattati in violazione di legge, compresi quelli di cui non \u00e8 necessaria la conservazione in relazione agli scopi per i quali i dati sono stati raccolti o successivamente trattati;<\/li>\n<li>l\u2019attestazione che le operazioni di cui alle lettere a) e b) sono state portate a conoscenza, anche per quanto riguarda il loro contenuto, di coloro ai quali i dati sono stati comunicati o diffusi, eccettuato il caso in cui tale adempimento si rivela impossibile o comporta un impiego di mezzi manifestamente sproporzionato rispetto al diritto tutelato.<\/li>\n<\/ol>\n<\/li>\n<li>L\u2019interessato ha diritto di opporsi, in tutto o in parte:\n<ol>\n<li>per motivi legittimi al trattamento dei dati personali che lo riguardano, ancorch\u00e9 pertinenti allo scopo della raccolta;<\/li>\n<li>al trattamento di dati personali che lo riguardano a fini di invio di materiale pubblicitario o di vendita diretta o per il compimento di ricerche di mercato o di comunicazione commerciale.<\/li>\n<\/ol>\n<\/li>\n<\/ol>\n<p><strong>Modalit\u00e0 di esercizio dei diritti e per conoscere l\u2019elenco dei Responsabili del trattamento<\/strong><\/p>\n<p>L\u2019utente potr\u00e0, in qualunque momento, esercitare i diritti di cui all\u2019art. 7 del Codice inviando un messaggio di posta elettronica oppure una lettera da spedirsi tramite posta ordinaria al Titolare del trattamento dei dati personali.<\/p>\n","protected":false},"excerpt":{"rendered":"<p>Privacy e Cookies Versione del 31\/08\/2018 soggetti interessati: visitatori del sito web www.ediltecnosrl.it Informativa al trattamento dei dati personali ai sensi dell\u2019art. 13 del Regolamento (UE) 2016\/679 Questa policy ha lo scopo di descrivere le modalit\u00e0 di gestione di questo sito web, in riferimento al trattamento dei dati personali dei visitatori che lo consultano ai [&hellip;]<\/p>\n","protected":false},"author":1,"featured_media":0,"parent":0,"menu_order":0,"comment_status":"closed","ping_status":"closed","template":"","meta":[],"_links":{"self":[{"href":"https:\/\/ediltecnosrl.it\/index.php\/wp-json\/wp\/v2\/pages\/4872"}],"collection":[{"href":"https:\/\/ediltecnosrl.it\/index.php\/wp-json\/wp\/v2\/pages"}],"about":[{"href":"https:\/\/ediltecnosrl.it\/index.php\/wp-json\/wp\/v2\/types\/page"}],"author":[{"embeddable":true,"href":"https:\/\/ediltecnosrl.it\/index.php\/wp-json\/wp\/v2\/users\/1"}],"replies":[{"embeddable":true,"href":"https:\/\/ediltecnosrl.it\/index.php\/wp-json\/wp\/v2\/comments?post=4872"}],"version-history":[{"count":2,"href":"https:\/\/ediltecnosrl.it\/index.php\/wp-json\/wp\/v2\/pages\/4872\/revisions"}],"predecessor-version":[{"id":4874,"href":"https:\/\/ediltecnosrl.it\/index.php\/wp-json\/wp\/v2\/pages\/4872\/revisions\/4874"}],"wp:attachment":[{"href":"https:\/\/ediltecnosrl.it\/index.php\/wp-json\/wp\/v2\/media?parent=4872"}],"curies":[{"name":"wp","href":"https:\/\/api.w.org\/{rel}","templated":true}]}}